{"id":2016,"date":"2024-09-10T11:10:24","date_gmt":"2024-09-10T11:10:24","guid":{"rendered":"https:\/\/joaquimvilalta.com\/politica-de-privadesa\/"},"modified":"2024-11-11T11:50:43","modified_gmt":"2024-11-11T11:50:43","slug":"politica-de-privadesa","status":"publish","type":"page","link":"https:\/\/joaquimvilalta.com\/ca\/politica-de-privadesa\/","title":{"rendered":"Pol\u00edtica de privadesa"},"content":{"rendered":"\t\t<div data-elementor-type=\"wp-page\" data-elementor-id=\"2016\" class=\"elementor elementor-2016 elementor-3\" data-elementor-post-type=\"page\">\n\t\t\t\t<div class=\"elementor-element elementor-element-1e29a74f e-flex e-con-boxed e-con e-parent\" data-id=\"1e29a74f\" data-element_type=\"container\" data-e-type=\"container\">\n\t\t\t\t\t<div class=\"e-con-inner\">\n\t\t\t\t<div class=\"elementor-element elementor-element-32bf0909 elementor-widget elementor-widget-text-editor\" data-id=\"32bf0909\" data-element_type=\"widget\" data-e-type=\"widget\" id=\"politica-privacidad\" data-widget_type=\"text-editor.default\">\n\t\t\t\t<div class=\"elementor-widget-container\">\n\t\t\t\t\t\t\t\t\t<h1>Pol\u00edtica de Privadesa<\/h1>\n<p><strong>Joaquim Vilalta Mart\u00ednez<\/strong> t&#8217;informa sobre la seva Pol\u00edtica de Privadesa respecte del tractament i protecci\u00f3 de les dades de car\u00e0cter personal dels usuaris que puguin ser recollides durant la navegaci\u00f3 a trav\u00e9s del lloc web.<\/p>\n<p>En aquest sentit, <strong>Joaquim Vilalta Mart\u00ednez<\/strong> garanteix el compliment de la normativa vigent en mat\u00e8ria de protecci\u00f3 de dades personals, reflectida a la Llei Org\u00e0nica 3\/2018, de 5 de desembre, de Protecci\u00f3 de Dades Personals i de Garantia de Drets Digitals (LOPD GDD ). Compleix tamb\u00e9 amb el Reglament (UE) 2016\/679 del Parlament Europeu i del Consell de 27 d&#8217;abril del 2016 relatiu a la protecci\u00f3 de les persones f\u00edsiques (RGPD). <\/p>\n<p>L&#8217;\u00fas del lloc web implica l&#8217;acceptaci\u00f3 d&#8217;aquesta Pol\u00edtica de Privadesa aix\u00ed com les condicions incloses a l&#8217;Av\u00eds Legal.<\/p>\n<h3>Identitat del responsable<\/h3>\n<p>Titular: <strong>Joaquim Vilalta Mart\u00ednez<\/strong><br \/>NIF: <strong>45543635R<\/strong><br \/>N\u00famero de col\u00b7legiaci\u00f3 al Col\u00b7legi d&#8217;Arquitectes de Catalunya: <strong>43767-0<\/strong><br \/>Domicili: <strong>Carrer Montcorb, n\u00fam. 54, 17410 Sils (Girona) &#8211; Espanya<\/strong><br \/>Correu electr\u00f2nic: <strong><a href=\"mailto:info@joaquimvilalta.com\">info@joaquimvilalta.com<\/a><\/strong><br \/>Tel\u00e8fon: <strong>+34 659 009 703<\/strong><\/p>\n<h3>Principis aplicats al tractament de dades<\/h3>\n<p>En el tractament de les teves dades personals, el Titular aplicar\u00e0 els principis seg\u00fcents que s&#8217;ajusten a les exig\u00e8ncies del nou reglament europeu de protecci\u00f3 de dades (RGPD):<\/p>\n<ul>\n<li><strong>Principi de licitud, lleialtat i transpar\u00e8ncia:<\/strong> El Titular sempre requerir\u00e0 el consentiment per al tractament de les dades personals que pot ser per a un o diversos fins espec\u00edfics sobre els quals el Titular informar\u00e0 l&#8217;Usuari pr\u00e8viament amb absoluta transpar\u00e8ncia.<\/li>\n<li><strong>Principi de minimitzaci\u00f3 de dades: <\/strong>El Titular sol\u00b7licitar\u00e0 nom\u00e9s les dades estrictament necess\u00e0ries per a la finalitat o fins que les sol\u00b7licita.<\/li>\n<li><strong>Principi de limitaci\u00f3 del termini de conservaci\u00f3:<\/strong> El Titular mantindr\u00e0 les dades personals demanades durant el temps estrictament necessari per a la fi o fins del tractament. El titular informar\u00e0 l&#8217;usuari del termini de conservaci\u00f3 corresponent segons la finalitat. <\/li>\n<li><strong>Principi d&#8217;integritat i confidencialitat:<\/strong> Les dades personals demanades seran tractades de manera que la seva seguretat, confidencialitat i integritat estigui garantida. El Titular pren les precaucions necess\u00e0ries per evitar l&#8217;acc\u00e9s no autoritzat o \u00fas indegut de les dades dels usuaris per part de tercers. <\/li>\n<\/ul>\n<h3>Obtenci\u00f3 de dades personals<\/h3>\n<p>Per navegar pel lloc web no cal que facilitis cap dada personal.<\/p>\n<h3>Drets<\/h3>\n<p>El Titular t&#8217;informa que sobre les teves dades personals tens dret a:<\/p>\n<ul>\n<li>Sol\u00b7licitar l&#8217;acc\u00e9s a les dades emmagatzemades.<\/li>\n<li>Sol\u00b7licitar una rectificaci\u00f3 o la cancel\u00b7laci\u00f3.<\/li>\n<li>Sol\u00b7licitar la limitaci\u00f3 del tractament.<\/li>\n<li>Oposar-te al tractament.\n<\/li>\n<\/ul>\n<p>L&#8217;exercici d&#8217;aquests drets \u00e9s personal i per tant l&#8217;ha d&#8217;exercir directament l&#8217;interessat, i ho ha de sol\u00b7licitar directament al titular. Per exercitar els vostres drets d&#8217;acc\u00e9s, rectificaci\u00f3, cancel\u00b7laci\u00f3 i oposici\u00f3 heu d&#8217;enviar un correu electr\u00f2nic a <a href=\"mailto:info@joaquimvilalta.com\">info@joaquimvilalta.com<\/a> juntament amb la prova v\u00e0lida en dret com una fotoc\u00f2pia del D.N.I. o equivalent. <\/p>\n<p>Teniu dret a la tutela judicial efectiva ia presentar una reclamaci\u00f3 davant l&#8217;autoritat de control, en aquest cas, l&#8217;Ag\u00e8ncia Espanyola de Protecci\u00f3 de Dades, si considereu que el tractament de dades personals que us concerneixen infringeix el Reglament.<\/p>\n<h3>Finalitat del tractament de dades personals<\/h3>\n<p>Quan us connecteu al lloc web per enviar un correu al Titular o us subscriviu al vostre butllet\u00ed, esteu facilitant informaci\u00f3 de car\u00e0cter personal, de la qual el responsable \u00e9s <strong>Joaquim Vilalta Mart\u00ednez<\/strong>. Aquesta informaci\u00f3 pot incloure dades de car\u00e0cter personal com la vostra adre\u00e7a IP, nom i cognoms, adre\u00e7a f\u00edsica, adre\u00e7a de correu electr\u00f2nic, n\u00famero de tel\u00e8fon, i altra informaci\u00f3. En facilitar aquesta informaci\u00f3, d\u00f3nes el teu consentiment perqu\u00e8 la teva informaci\u00f3 sigui recopilada, utilitzada, gestionada i emmagatzemada per <strong>Joaquim Vilalta Mart\u00ednez<\/strong> nom\u00e9s com es descriu a l&#8217;Av\u00eds Legal ia la present Pol\u00edtica de Privadesa.  <\/p>\n<p>Les dades personals i la finalitat del tractament per part del Titular s\u00f3n diferents segons el sistema de captura d&#8217;informaci\u00f3:<\/p>\n<p>Hi ha altres finalitats per les quals el Titular tracta dades personals:<\/p>\n<ul>\n<li>Per garantir el compliment de les condicions recollides a l&#8217;Av\u00eds Legal ia la llei aplicable.<\/li>\n<li>Per donar suport i millorar els serveis que ofereix el lloc web.<\/li>\n<li>Per analitzar la navegaci\u00f3 dels usuaris. El Titular recull altres dades no identificatives que s&#8217;obtenen mitjan\u00e7ant l&#8217;\u00fas de cookies que es descarreguen a l&#8217;ordinador de l&#8217;Usuari quan navega pel lloc web, les caracter\u00edstiques i finalitat del qual estan detallades a la Pol\u00edtica de Cookies. <\/li>\n<li>Per gestionar les xarxes socials. <strong>Joaquim Vilalta Mart\u00ednez<\/strong> t\u00e9 pres\u00e8ncia a xarxes socials. Si us fas seguidor a les xarxes socials del Titular, el tractament de les dades personals es regir\u00e0 per aquest apartat, aix\u00ed com per aquelles condicions d&#8217;\u00fas, pol\u00edtiques de privadesa i normatives d&#8217;acc\u00e9s que pertanyin a la xarxa social que sigui procedent en cada cas. <\/li>\n<\/ul>\n<p>En cap cas el Titular no utilitzar\u00e0 els perfils de seguidors en xarxes socials per enviar publicitat de manera individual.<\/p>\n<h3>Seguretat de les dades personals<\/h3>\n<p>Per protegir les teves dades personals, el Titular pren totes les precaucions raonables i segueix les millors pr\u00e0ctiques de la ind\u00fastria per evitar-ne la p\u00e8rdua, mal \u00fas, acc\u00e9s indegut, divulgaci\u00f3, alteraci\u00f3 o destrucci\u00f3.<\/p>\n<p>El lloc web est\u00e0 allotjat en un servidor amb mesures de seguretat adequades per garantir la seguretat de les dades.<\/p>\n<h3>Contingut d&#8217;altres llocs web<\/h3>\n<p>Les p\u00e0gines d&#8217;aquest lloc web poden incloure contingut incrustat (per exemple, v\u00eddeos, imatges, articles, etc.). El contingut incrustat d&#8217;altres webs es comporta exactament de la mateixa manera que si haguessis visitat l&#8217;altra web. <\/p>\n<p>Aquests llocs web poden recopilar dades sobre tu, utilitzar cookies, incrustar un codi de seguiment addicional de tercers i supervisar la teva interacci\u00f3 usant aquest codi.<\/p>\n<h3>Pol\u00edtica de Cookies <\/h3>\n<p>Perqu\u00e8 aquest lloc web funcioni correctament, heu d&#8217;utilitzar cookies, que \u00e9s una informaci\u00f3 que s&#8217;emmagatzema al vostre navegador web.<\/p>\n<p>A la p\u00e0gina Pol\u00edtica de Cookies pots consultar tota la informaci\u00f3 relativa a la pol\u00edtica de recollida, la finalitat i el tractament de les galetes.<\/p>\n<h3>Legitimaci\u00f3 per al tractament de dades<\/h3>\n<p>La base legal per al tractament de les vostres dades \u00e9s el consentiment.<\/p>\n<p>Per contactar amb el Titular, subscriure&#8217;t a un butllet\u00ed o fer comentaris en aquest lloc web has d&#8217;acceptar aquesta Pol\u00edtica de Privadesa.<\/p>\n<h3>Categories de dades personals <\/h3>\n<p>Les categories de dades personals que tracta el Titular s\u00f3n: Dades identificatives. No es tracten categories de dades especialment protegides. <\/p>\n<h3>Conservaci\u00f3 de dades personals <\/h3>\n<p>Les dades personals que proporcioneu al Titular es conservaran fins que sol\u00b7liciteu la supressi\u00f3.<\/p>\n<h3>Navegaci\u00f3 Web <\/h3>\n<p>En navegar pel lloc web es poden recollir dades no identificatives, que poden incloure l&#8217;adre\u00e7a IP, geolocalitzaci\u00f3, un registre de com s&#8217;utilitzen els serveis i llocs, h\u00e0bits de navegaci\u00f3 i altres dades que no poden ser utilitzades per identificar-te.<\/p>\n<h3>Exactitud i veracitat de les dades personals <\/h3>\n<p>Et comprometes que les dades facilitades al Titular siguin correctes, completes, exactes i vigents, aix\u00ed com a mantenir-les degudament actualitzades.<\/p>\n<p>Com a usuari del lloc web ets l&#8217;\u00fanic responsable de la veracitat i correcci\u00f3 de les dades remeses al lloc web, exonerant <strong>Joaquim Vilalta Mart\u00ednez<\/strong> de qualsevol responsabilitat sobre aix\u00f2.<\/p>\n<h3>Acceptaci\u00f3 i consentiment <\/h3>\n<p>Com a Usuari del lloc web declares haver estat informat de les condicions sobre protecci\u00f3 de dades de car\u00e0cter personal, acceptes i consents el tractament dels mateixos per part de <strong>Joaquim Vilalta Mart\u00ednez<\/strong> en la forma i per a les finalitats indicades en aquesta Pol\u00edtica de Privadesa.<\/p>\n<h3>Canvis a la Pol\u00edtica de Privadesa <\/h3>\n<p>El Titular es reserva el dret a modificar aquesta Pol\u00edtica de Privadesa per adaptar-la a novetats legislatives o jurisprudencials, aix\u00ed com a pr\u00e0ctiques de la ind\u00fastria.<\/p>\n<p>Aquestes pol\u00edtiques estaran vigents fins que siguin modificades per altres degudament publicades.<\/p>\n\t\t\t\t\t\t\t\t<\/div>\n\t\t\t\t<\/div>\n\t\t\t\t\t<\/div>\n\t\t\t\t<\/div>\n\t\t\t\t<\/div>\n\t\t","protected":false},"excerpt":{"rendered":"<p>Pol\u00edtica de Privadesa Joaquim Vilalta Mart\u00ednez t&#8217;informa sobre la seva Pol\u00edtica de Privadesa respecte del tractament i protecci\u00f3 de les dades de car\u00e0cter personal dels usuaris que puguin ser recollides durant la navegaci\u00f3 a trav\u00e9s del lloc web. En aquest sentit, Joaquim Vilalta Mart\u00ednez garanteix el compliment de la normativa vigent en mat\u00e8ria de protecci\u00f3 [&hellip;]<\/p>\n","protected":false},"author":1,"featured_media":0,"parent":0,"menu_order":0,"comment_status":"closed","ping_status":"closed","template":"","meta":{"footnotes":""},"class_list":["post-2016","page","type-page","status-publish","hentry"],"yoast_head":"<!-- This site is optimized with the Yoast SEO plugin v27.1.1 - https:\/\/yoast.com\/product\/yoast-seo-wordpress\/ -->\n<title>Pol\u00edtica de privadesa - Joaquim Vilalta<\/title>\n<meta name=\"robots\" content=\"index, follow, max-snippet:-1, max-image-preview:large, max-video-preview:-1\" \/>\n<link rel=\"canonical\" href=\"https:\/\/joaquimvilalta.com\/ca\/politica-de-privadesa\/\" \/>\n<meta property=\"og:locale\" content=\"ca_ES\" \/>\n<meta property=\"og:type\" content=\"article\" \/>\n<meta property=\"og:title\" content=\"Pol\u00edtica de privadesa - Joaquim Vilalta\" \/>\n<meta property=\"og:description\" content=\"Pol\u00edtica de Privadesa Joaquim Vilalta Mart\u00ednez t&#8217;informa sobre la seva Pol\u00edtica de Privadesa respecte del tractament i protecci\u00f3 de les dades de car\u00e0cter personal dels usuaris que puguin ser recollides durant la navegaci\u00f3 a trav\u00e9s del lloc web. En aquest sentit, Joaquim Vilalta Mart\u00ednez garanteix el compliment de la normativa vigent en mat\u00e8ria de protecci\u00f3 [&hellip;]\" \/>\n<meta property=\"og:url\" content=\"https:\/\/joaquimvilalta.com\/ca\/politica-de-privadesa\/\" \/>\n<meta property=\"og:site_name\" content=\"Joaquim Vilalta\" \/>\n<meta property=\"article:modified_time\" content=\"2024-11-11T11:50:43+00:00\" \/>\n<meta name=\"twitter:card\" content=\"summary_large_image\" \/>\n<meta name=\"twitter:label1\" content=\"Temps estimat de lectura\" \/>\n\t<meta name=\"twitter:data1\" content=\"6 minuts\" \/>\n<script type=\"application\/ld+json\" class=\"yoast-schema-graph\">{\"@context\":\"https:\/\/schema.org\",\"@graph\":[{\"@type\":\"WebPage\",\"@id\":\"https:\/\/joaquimvilalta.com\/ca\/politica-de-privadesa\/\",\"url\":\"https:\/\/joaquimvilalta.com\/ca\/politica-de-privadesa\/\",\"name\":\"Pol\u00edtica de privadesa - Joaquim Vilalta\",\"isPartOf\":{\"@id\":\"https:\/\/joaquimvilalta.com\/#website\"},\"datePublished\":\"2024-09-10T11:10:24+00:00\",\"dateModified\":\"2024-11-11T11:50:43+00:00\",\"breadcrumb\":{\"@id\":\"https:\/\/joaquimvilalta.com\/ca\/politica-de-privadesa\/#breadcrumb\"},\"inLanguage\":\"ca\",\"potentialAction\":[{\"@type\":\"ReadAction\",\"target\":[\"https:\/\/joaquimvilalta.com\/ca\/politica-de-privadesa\/\"]}]},{\"@type\":\"BreadcrumbList\",\"@id\":\"https:\/\/joaquimvilalta.com\/ca\/politica-de-privadesa\/#breadcrumb\",\"itemListElement\":[{\"@type\":\"ListItem\",\"position\":1,\"name\":\"Portada\",\"item\":\"https:\/\/joaquimvilalta.com\/\"},{\"@type\":\"ListItem\",\"position\":2,\"name\":\"Pol\u00edtica de privadesa\"}]},{\"@type\":\"WebSite\",\"@id\":\"https:\/\/joaquimvilalta.com\/#website\",\"url\":\"https:\/\/joaquimvilalta.com\/\",\"name\":\"Joaquim Vilalta | Arquitecte\",\"description\":\"\",\"publisher\":{\"@id\":\"https:\/\/joaquimvilalta.com\/#\/schema\/person\/a2cd81b2735b9268df3ab98d3d26721d\"},\"potentialAction\":[{\"@type\":\"SearchAction\",\"target\":{\"@type\":\"EntryPoint\",\"urlTemplate\":\"https:\/\/joaquimvilalta.com\/?s={search_term_string}\"},\"query-input\":{\"@type\":\"PropertyValueSpecification\",\"valueRequired\":true,\"valueName\":\"search_term_string\"}}],\"inLanguage\":\"ca\"},{\"@type\":[\"Person\",\"Organization\"],\"@id\":\"https:\/\/joaquimvilalta.com\/#\/schema\/person\/a2cd81b2735b9268df3ab98d3d26721d\",\"name\":\"Joaquim Vilalta\",\"image\":{\"@type\":\"ImageObject\",\"inLanguage\":\"ca\",\"@id\":\"https:\/\/joaquimvilalta.com\/#\/schema\/person\/image\/\",\"url\":\"https:\/\/joaquimvilalta.com\/wp-content\/uploads\/2024\/09\/logo-cliente-2.jpg\",\"contentUrl\":\"https:\/\/joaquimvilalta.com\/wp-content\/uploads\/2024\/09\/logo-cliente-2.jpg\",\"width\":400,\"height\":400,\"caption\":\"Joaquim Vilalta\"},\"logo\":{\"@id\":\"https:\/\/joaquimvilalta.com\/#\/schema\/person\/image\/\"},\"sameAs\":[\"https:\/\/www.instagram.com\/joaquimvilalta.arquitecte\/#\",\"https:\/\/www.linkedin.com\/in\/joaquimvilalta\/\"]}]}<\/script>\n<!-- \/ Yoast SEO plugin. -->","yoast_head_json":{"title":"Pol\u00edtica de privadesa - Joaquim Vilalta","robots":{"index":"index","follow":"follow","max-snippet":"max-snippet:-1","max-image-preview":"max-image-preview:large","max-video-preview":"max-video-preview:-1"},"canonical":"https:\/\/joaquimvilalta.com\/ca\/politica-de-privadesa\/","og_locale":"ca_ES","og_type":"article","og_title":"Pol\u00edtica de privadesa - Joaquim Vilalta","og_description":"Pol\u00edtica de Privadesa Joaquim Vilalta Mart\u00ednez t&#8217;informa sobre la seva Pol\u00edtica de Privadesa respecte del tractament i protecci\u00f3 de les dades de car\u00e0cter personal dels usuaris que puguin ser recollides durant la navegaci\u00f3 a trav\u00e9s del lloc web. En aquest sentit, Joaquim Vilalta Mart\u00ednez garanteix el compliment de la normativa vigent en mat\u00e8ria de protecci\u00f3 [&hellip;]","og_url":"https:\/\/joaquimvilalta.com\/ca\/politica-de-privadesa\/","og_site_name":"Joaquim Vilalta","article_modified_time":"2024-11-11T11:50:43+00:00","twitter_card":"summary_large_image","twitter_misc":{"Temps estimat de lectura":"6 minuts"},"schema":{"@context":"https:\/\/schema.org","@graph":[{"@type":"WebPage","@id":"https:\/\/joaquimvilalta.com\/ca\/politica-de-privadesa\/","url":"https:\/\/joaquimvilalta.com\/ca\/politica-de-privadesa\/","name":"Pol\u00edtica de privadesa - Joaquim Vilalta","isPartOf":{"@id":"https:\/\/joaquimvilalta.com\/#website"},"datePublished":"2024-09-10T11:10:24+00:00","dateModified":"2024-11-11T11:50:43+00:00","breadcrumb":{"@id":"https:\/\/joaquimvilalta.com\/ca\/politica-de-privadesa\/#breadcrumb"},"inLanguage":"ca","potentialAction":[{"@type":"ReadAction","target":["https:\/\/joaquimvilalta.com\/ca\/politica-de-privadesa\/"]}]},{"@type":"BreadcrumbList","@id":"https:\/\/joaquimvilalta.com\/ca\/politica-de-privadesa\/#breadcrumb","itemListElement":[{"@type":"ListItem","position":1,"name":"Portada","item":"https:\/\/joaquimvilalta.com\/"},{"@type":"ListItem","position":2,"name":"Pol\u00edtica de privadesa"}]},{"@type":"WebSite","@id":"https:\/\/joaquimvilalta.com\/#website","url":"https:\/\/joaquimvilalta.com\/","name":"Joaquim Vilalta | Arquitecte","description":"","publisher":{"@id":"https:\/\/joaquimvilalta.com\/#\/schema\/person\/a2cd81b2735b9268df3ab98d3d26721d"},"potentialAction":[{"@type":"SearchAction","target":{"@type":"EntryPoint","urlTemplate":"https:\/\/joaquimvilalta.com\/?s={search_term_string}"},"query-input":{"@type":"PropertyValueSpecification","valueRequired":true,"valueName":"search_term_string"}}],"inLanguage":"ca"},{"@type":["Person","Organization"],"@id":"https:\/\/joaquimvilalta.com\/#\/schema\/person\/a2cd81b2735b9268df3ab98d3d26721d","name":"Joaquim Vilalta","image":{"@type":"ImageObject","inLanguage":"ca","@id":"https:\/\/joaquimvilalta.com\/#\/schema\/person\/image\/","url":"https:\/\/joaquimvilalta.com\/wp-content\/uploads\/2024\/09\/logo-cliente-2.jpg","contentUrl":"https:\/\/joaquimvilalta.com\/wp-content\/uploads\/2024\/09\/logo-cliente-2.jpg","width":400,"height":400,"caption":"Joaquim Vilalta"},"logo":{"@id":"https:\/\/joaquimvilalta.com\/#\/schema\/person\/image\/"},"sameAs":["https:\/\/www.instagram.com\/joaquimvilalta.arquitecte\/#","https:\/\/www.linkedin.com\/in\/joaquimvilalta\/"]}]}},"_links":{"self":[{"href":"https:\/\/joaquimvilalta.com\/ca\/wp-json\/wp\/v2\/pages\/2016","targetHints":{"allow":["GET"]}}],"collection":[{"href":"https:\/\/joaquimvilalta.com\/ca\/wp-json\/wp\/v2\/pages"}],"about":[{"href":"https:\/\/joaquimvilalta.com\/ca\/wp-json\/wp\/v2\/types\/page"}],"author":[{"embeddable":true,"href":"https:\/\/joaquimvilalta.com\/ca\/wp-json\/wp\/v2\/users\/1"}],"replies":[{"embeddable":true,"href":"https:\/\/joaquimvilalta.com\/ca\/wp-json\/wp\/v2\/comments?post=2016"}],"version-history":[{"count":1,"href":"https:\/\/joaquimvilalta.com\/ca\/wp-json\/wp\/v2\/pages\/2016\/revisions"}],"predecessor-version":[{"id":2017,"href":"https:\/\/joaquimvilalta.com\/ca\/wp-json\/wp\/v2\/pages\/2016\/revisions\/2017"}],"wp:attachment":[{"href":"https:\/\/joaquimvilalta.com\/ca\/wp-json\/wp\/v2\/media?parent=2016"}],"curies":[{"name":"wp","href":"https:\/\/api.w.org\/{rel}","templated":true}]}}