{"id":2012,"date":"2024-10-04T12:14:18","date_gmt":"2024-10-04T12:14:18","guid":{"rendered":"https:\/\/joaquimvilalta.com\/avis-legal\/"},"modified":"2024-11-11T11:12:52","modified_gmt":"2024-11-11T11:12:52","slug":"avis-legal","status":"publish","type":"page","link":"https:\/\/joaquimvilalta.com\/ca\/avis-legal\/","title":{"rendered":"Av\u00eds legal"},"content":{"rendered":"\t\t<div data-elementor-type=\"wp-page\" data-elementor-id=\"2012\" class=\"elementor elementor-2012 elementor-1771\" data-elementor-post-type=\"page\">\n\t\t\t\t<div class=\"elementor-element elementor-element-1e29a74f e-flex e-con-boxed e-con e-parent\" data-id=\"1e29a74f\" data-element_type=\"container\" data-e-type=\"container\">\n\t\t\t\t\t<div class=\"e-con-inner\">\n\t\t\t\t<div class=\"elementor-element elementor-element-32bf0909 elementor-widget elementor-widget-text-editor\" data-id=\"32bf0909\" data-element_type=\"widget\" data-e-type=\"widget\" id=\"politica-privacidad\" data-widget_type=\"text-editor.default\">\n\t\t\t\t<div class=\"elementor-widget-container\">\n\t\t\t\t\t\t\t\t\t<h1>Av\u00eds legal<\/h1>\n<h3>Identificaci\u00f3 i Titularitat<\/h3>\n<p>En compliment de larticle 10 de la Llei 34\/2002, de 11 de juliol, de Serveis de la Societat de la Informaci\u00f3 i Comer\u00e7 Electr\u00f2nic, el Titular exposa les seves dades identificatives.<\/p>\n<p><strong>Titular:<\/strong> Joaquim Vilalta Mart\u00ednez <br \/><strong>NIF:<\/strong> 45543635R <br \/><strong>N\u00famero de col\u00b7legiaci\u00f3 al Col\u00b7legi d&#8217;Arquitectes de Catalunya:<\/strong> 43767-0 <br \/><strong>Domicili:<\/strong> Calle Montcorb, n\u00ba 54, 17410 Sils (Girona) &#8211; Espa\u00f1a <br \/><strong>Correu electr\u00f2nic:<\/strong> <a href=\"mailto:info@joaquimvilalta.com\">info@joaquimvilalta.com<\/a> <br \/><strong>Tel\u00e8fon de contacte:<\/strong> +34 659 009 703 <br \/><strong>Lloc Web:<\/strong> <a href=\"https:\/\/www.joaquimvilalta.com\">https:\/\/www.joaquimvilalta.com<\/a><\/p>\n<h3>Finalitat<\/h3>\n<p>La finalitat del lloc web <a href=\"https:\/\/www.joaquimvilalta.com\">https:\/\/www.joaquimvilalta.com<\/a> \u00e9s informar sobre la nostra activitat com a Estudi d&#8217;Arquitectura.<\/p>\n<h3>Condicions d&#8217;\u00fas<\/h3>\n<p>La utilitzaci\u00f3 del lloc web us atorga la condici\u00f3 d&#8217;Usuari i implica l&#8217;acceptaci\u00f3 completa de totes les cl\u00e0usules i condicions d&#8217;\u00fas incloses a les p\u00e0gines:<\/p>\n<ul>\n<li><a href=\"https:\/\/joaquimvilalta.com\/ca\/avis-legal\/\">Av\u00eds Legal<\/a><\/li>\n<li><a href=\"https:\/\/joaquimvilalta.com\/politica-privacidad\/\">Pol\u00edtica de Privadesa<\/a><\/li>\n<li><a href=\"https:\/\/joaquimvilalta.com\/politica-de-cookies-ue\/\">Pol\u00edtica de Cookies<\/a><\/li>\n<\/ul>\n<p>Si no esteu d&#8217;acord amb totes i cadascuna d&#8217;aquestes cl\u00e0usules i condicions, us abstindreu d&#8217;utilitzar aquest lloc web.<\/p>\n<p>L&#8217;acc\u00e9s a aquest lloc web no suposa, de cap manera, l&#8217;inici d&#8217;una relaci\u00f3 comercial amb Joaquim Vilalta Mart\u00ednez.<\/p>\n<p>A trav\u00e9s d&#8217;aquest lloc web, el Titular us facilita l&#8217;acc\u00e9s i la utilitzaci\u00f3 de diversos continguts que el Titular o els seus col\u00b7laboradors han publicat per mitj\u00e0 d&#8217;Internet.<\/p>\n<p>T&#8217;obligues i compromets a NO utilitzar qualsevol dels continguts del lloc web amb fins o efectes il\u00b7l\u00edcits, prohibits en aquest Av\u00eds Legal o per la legislaci\u00f3 vigent, lesius dels drets i interessos de tercers, o que de qualsevol manera puguin danyar, inutilitzar, sobrecarregar, deteriorar o impedir la utilitzaci\u00f3 normal dels continguts, els equips inform\u00e0tics o els documents, arxius i tota mena de continguts emmagatzemats en qualsevol equip inform\u00e0tic propis o contractats per Joaquim Vilalta Mart\u00ednez, d&#8217;altres usuaris o qualsevol usuari d&#8217;Internet.<\/p>\n<h3>Mesures de seguretat<\/h3>\n<p>Les dades personals que facilitis al Titular poden ser emmagatzemades en bases de dades automatitzades o no, la titularitat de les quals correspon en exclusiva a Joaquim Vilalta Mart\u00ednez, que assumeix totes les mesures d&#8217;\u00edndole t\u00e8cnica, organitzativa i de seguretat que garanteixen la confidencialitat, integritat i qualitat de la informaci\u00f3 continguda en aquestes dacord amb el que estableix la normativa vigent en protecci\u00f3 de dades.<\/p>\n<p>Aix\u00f2 no obstant, has de ser conscient que les mesures de seguretat dels sistemes inform\u00e0tics a Internet no s\u00f3n enterament fiables i que, per tant, el Titular no pot garantir la inexist\u00e8ncia de virus o altres elements que puguin produir alteracions en els sistemes inform\u00e0tics (programari i maquinari) de l&#8217;Usuari o als seus documents electr\u00f2nics i fitxers continguts en aquests, encara que el Titular posa tots els mitjans necessaris i pren les mesures de seguretat oportunes per evitar la pres\u00e8ncia d&#8217;aquests elements nocius.<\/p>\n<h3>Tractament de dades personals<\/h3>\n<p>Pots consultar tota la informaci\u00f3 relativa al tractament de dades personals que recull el Titular a la p\u00e0gina de <strong>Pol\u00edtica de Privadesa<\/strong>.<\/p>\n<h3>Continguts<\/h3>\n<p>El Titular ha obtingut la informaci\u00f3, el contingut multim\u00e8dia i els materials inclosos al lloc web de fonts que considera fiables, per\u00f2, si b\u00e9 ha pres totes les mesures raonables per assegurar que la informaci\u00f3 continguda \u00e9s correcta, el Titular no garanteix que sigui exacta , completa o actualitzada. Joaquim Vilalta Mart\u00ednez declina expressament qualsevol responsabilitat per error o omissi\u00f3 a la informaci\u00f3 continguda a les p\u00e0gines d&#8217;aquest lloc web. <\/p>\n<p>Queda prohibit transmetre o enviar a trav\u00e9s del lloc web qualsevol contingut il\u00b7legal o il\u00b7l\u00edcit, virus inform\u00e0tics, o missatges que, en general, afectin o violin drets del Titular o de tercers.<\/p>\n<p>Els continguts de <a href=\"https:\/\/www.joaquimvilalta.com\">https:\/\/www.joaquimvilalta.com<\/a> tenen \u00fanicament una finalitat informativa i sota cap circumst\u00e0ncia s&#8217;han d&#8217;usar ni considerar com a oferta de venda, sol\u00b7licitud d&#8217;una oferta de compra ni recomanaci\u00f3 per fer qualsevol altra operaci\u00f3, llevat que aix\u00ed s&#8217;indiqui expressament .<\/p>\n<p>Joaquim Vilalta Mart\u00ednez es reserva el dret a modificar, suspendre, cancel\u00b7lar o restringir el contingut de <a href=\"https:\/\/www.joaquimvilalta.com\">https:\/\/www.joaquimvilalta.com<\/a>, els vincles o la informaci\u00f3 obtinguda a trav\u00e9s del lloc web, sense necessitat de previ av\u00eds.<\/p>\n<p>Joaquim Vilalta Mart\u00ednez no \u00e9s responsable dels danys i perjudicis que poguessin derivar-se de la utilitzaci\u00f3 de la informaci\u00f3 del lloc web o de la continguda a les xarxes socials del Titular.<\/p>\n<h3>Pol\u00edtica de cookies<\/h3>\n<p>A la p\u00e0gina <strong>Pol\u00edtica de Cookies<\/strong> pots consultar tota la informaci\u00f3 relativa a la pol\u00edtica de recollida i tractament de les cookies.<\/p>\n<h3>Enlla\u00e7os a altres llocs web<\/h3>\n<p>El Titular pot proporcionar-te acc\u00e9s a llocs web de tercers mitjan\u00e7ant enlla\u00e7os amb la finalitat exclusiva d&#8217;informar-te sobre l&#8217;exist\u00e8ncia d&#8217;altres fonts d&#8217;informaci\u00f3 a Internet on podr\u00e0s ampliar les dades ofertes al lloc web.<\/p>\n<p>Aquests enlla\u00e7os a altres llocs web no suposen en cap cas un suggeriment o recomanaci\u00f3 perqu\u00e8 visitis les p\u00e0gines web de destinaci\u00f3, que estan fora del control del Titular, per la qual cosa Joaquim Vilalta Mart\u00ednez no \u00e9s responsable del contingut dels llocs web vinculats ni del resultat que obtinguis en seguir els enlla\u00e7os.<\/p>\n<p>Aix\u00ed mateix, Joaquim Vilalta Mart\u00ednez no respon dels links o enlla\u00e7os ubicats als llocs web vinculats als quals et proporciona acc\u00e9s.<\/p>\n<p>L&#8217;establiment de l&#8217;enlla\u00e7 no implica en cap cas l&#8217;exist\u00e8ncia de relacions entre Joaquim Vilalta Mart\u00ednez i el propietari del lloc on s&#8217;estableixi l&#8217;enlla\u00e7, ni l&#8217;acceptaci\u00f3 o l&#8217;aprovaci\u00f3 per part del Titular dels seus continguts o serveis.<\/p>\n<p>Si accediu a un lloc web extern des d&#8217;un enlla\u00e7 que trobeu a <a href=\"https:\/\/www.joaquimvilalta.com\">https:\/\/www.joaquimvilalta.com<\/a> heu de llegir la pr\u00f2pia pol\u00edtica de privadesa de l&#8217;altre lloc web que pot ser diferent de la d&#8217;aquest lloc web.<\/p>\n<h3>Propietat intel\u00b7lectual i industrial<\/h3>\n<p>Tots els drets estan reservats.<\/p>\n<p>Tot acc\u00e9s a aquest lloc web est\u00e0 subjecte a les condicions seg\u00fcents: la reproducci\u00f3, emmagatzematge permanent i la difusi\u00f3 dels continguts o qualsevol altre \u00fas que tingui finalitat p\u00fablica o comercial queda expressament prohibida sense el consentiment previ expr\u00e9s i per escrit de Joaquim Vilalta Mart\u00ednez.<\/p>\n<h3>Limitaci\u00f3 de responsabilitat<\/h3>\n<p>Joaquim Vilalta Mart\u00ednez declina qualsevol responsabilitat en cas que hi hagi interrupcions o un mal funcionament dels serveis o continguts oferts a Internet, sigui quina sigui la seva causa. Aix\u00ed mateix, el Titular no es fa responsable per caigudes de la xarxa, p\u00e8rdues de negoci a conseq\u00fc\u00e8ncia de les caigudes esmentades, suspensions temporals de fluid el\u00e8ctric o qualsevol altre tipus de dany indirecte que et pugui ser causat per causes alienes al Titular. <\/p>\n<p>Abans de prendre decisions i\/o accions sobre la base de la informaci\u00f3 inclosa al lloc web, el Titular et recomana comprovar i contrastar la informaci\u00f3 rebuda amb altres fonts.<\/p>\n<h3>Jurisdicci\u00f3<\/h3>\n<p>Aquest Av\u00eds Legal es regeix \u00edntegrament per la legislaci\u00f3 espanyola.<\/p>\n<h3>Contacte<\/h3>\n<p>En cas que tinguis qualsevol dubte sobre aquestes Condicions legals o vulguis fer qualsevol comentari sobre aquest lloc web, pots enviar un missatge de correu electr\u00f2nic a l&#8217;adre\u00e7a <a href=\"mailto:info@joaquimvilalta.com\">info@joaquimvilalta.com<\/a>.<\/p>\n\t\t\t\t\t\t\t\t<\/div>\n\t\t\t\t<\/div>\n\t\t\t\t\t<\/div>\n\t\t\t\t<\/div>\n\t\t\t\t<\/div>\n\t\t","protected":false},"excerpt":{"rendered":"<p>Av\u00eds legal Identificaci\u00f3 i Titularitat En compliment de larticle 10 de la Llei 34\/2002, de 11 de juliol, de Serveis de la Societat de la Informaci\u00f3 i Comer\u00e7 Electr\u00f2nic, el Titular exposa les seves dades identificatives. Titular: Joaquim Vilalta Mart\u00ednez NIF: 45543635R N\u00famero de col\u00b7legiaci\u00f3 al Col\u00b7legi d&#8217;Arquitectes de Catalunya: 43767-0 Domicili: Calle Montcorb, n\u00ba [&hellip;]<\/p>\n","protected":false},"author":2,"featured_media":0,"parent":0,"menu_order":0,"comment_status":"closed","ping_status":"closed","template":"","meta":{"footnotes":""},"class_list":["post-2012","page","type-page","status-publish","hentry"],"yoast_head":"<!-- This site is optimized with the Yoast SEO plugin v27.1.1 - https:\/\/yoast.com\/product\/yoast-seo-wordpress\/ -->\n<title>Av\u00eds legal - Joaquim Vilalta<\/title>\n<meta name=\"robots\" content=\"index, follow, max-snippet:-1, max-image-preview:large, max-video-preview:-1\" \/>\n<link rel=\"canonical\" href=\"https:\/\/joaquimvilalta.com\/ca\/avis-legal\/\" \/>\n<meta property=\"og:locale\" content=\"ca_ES\" \/>\n<meta property=\"og:type\" content=\"article\" \/>\n<meta property=\"og:title\" content=\"Av\u00eds legal - Joaquim Vilalta\" \/>\n<meta property=\"og:description\" content=\"Av\u00eds legal Identificaci\u00f3 i Titularitat En compliment de larticle 10 de la Llei 34\/2002, de 11 de juliol, de Serveis de la Societat de la Informaci\u00f3 i Comer\u00e7 Electr\u00f2nic, el Titular exposa les seves dades identificatives. Titular: Joaquim Vilalta Mart\u00ednez NIF: 45543635R N\u00famero de col\u00b7legiaci\u00f3 al Col\u00b7legi d&#8217;Arquitectes de Catalunya: 43767-0 Domicili: Calle Montcorb, n\u00ba [&hellip;]\" \/>\n<meta property=\"og:url\" content=\"https:\/\/joaquimvilalta.com\/ca\/avis-legal\/\" \/>\n<meta property=\"og:site_name\" content=\"Joaquim Vilalta\" \/>\n<meta property=\"article:modified_time\" content=\"2024-11-11T11:12:52+00:00\" \/>\n<meta name=\"twitter:card\" content=\"summary_large_image\" \/>\n<meta name=\"twitter:label1\" content=\"Temps estimat de lectura\" \/>\n\t<meta name=\"twitter:data1\" content=\"6 minuts\" \/>\n<script type=\"application\/ld+json\" class=\"yoast-schema-graph\">{\"@context\":\"https:\/\/schema.org\",\"@graph\":[{\"@type\":\"WebPage\",\"@id\":\"https:\/\/joaquimvilalta.com\/ca\/avis-legal\/\",\"url\":\"https:\/\/joaquimvilalta.com\/ca\/avis-legal\/\",\"name\":\"Av\u00eds legal - Joaquim Vilalta\",\"isPartOf\":{\"@id\":\"https:\/\/joaquimvilalta.com\/#website\"},\"datePublished\":\"2024-10-04T12:14:18+00:00\",\"dateModified\":\"2024-11-11T11:12:52+00:00\",\"breadcrumb\":{\"@id\":\"https:\/\/joaquimvilalta.com\/ca\/avis-legal\/#breadcrumb\"},\"inLanguage\":\"ca\",\"potentialAction\":[{\"@type\":\"ReadAction\",\"target\":[\"https:\/\/joaquimvilalta.com\/ca\/avis-legal\/\"]}]},{\"@type\":\"BreadcrumbList\",\"@id\":\"https:\/\/joaquimvilalta.com\/ca\/avis-legal\/#breadcrumb\",\"itemListElement\":[{\"@type\":\"ListItem\",\"position\":1,\"name\":\"Portada\",\"item\":\"https:\/\/joaquimvilalta.com\/\"},{\"@type\":\"ListItem\",\"position\":2,\"name\":\"Av\u00eds legal\"}]},{\"@type\":\"WebSite\",\"@id\":\"https:\/\/joaquimvilalta.com\/#website\",\"url\":\"https:\/\/joaquimvilalta.com\/\",\"name\":\"Joaquim Vilalta | Arquitecte\",\"description\":\"\",\"publisher\":{\"@id\":\"https:\/\/joaquimvilalta.com\/#\/schema\/person\/a2cd81b2735b9268df3ab98d3d26721d\"},\"potentialAction\":[{\"@type\":\"SearchAction\",\"target\":{\"@type\":\"EntryPoint\",\"urlTemplate\":\"https:\/\/joaquimvilalta.com\/?s={search_term_string}\"},\"query-input\":{\"@type\":\"PropertyValueSpecification\",\"valueRequired\":true,\"valueName\":\"search_term_string\"}}],\"inLanguage\":\"ca\"},{\"@type\":[\"Person\",\"Organization\"],\"@id\":\"https:\/\/joaquimvilalta.com\/#\/schema\/person\/a2cd81b2735b9268df3ab98d3d26721d\",\"name\":\"Joaquim Vilalta\",\"image\":{\"@type\":\"ImageObject\",\"inLanguage\":\"ca\",\"@id\":\"https:\/\/joaquimvilalta.com\/#\/schema\/person\/image\/\",\"url\":\"https:\/\/joaquimvilalta.com\/wp-content\/uploads\/2024\/09\/logo-cliente-2.jpg\",\"contentUrl\":\"https:\/\/joaquimvilalta.com\/wp-content\/uploads\/2024\/09\/logo-cliente-2.jpg\",\"width\":400,\"height\":400,\"caption\":\"Joaquim Vilalta\"},\"logo\":{\"@id\":\"https:\/\/joaquimvilalta.com\/#\/schema\/person\/image\/\"},\"sameAs\":[\"https:\/\/www.instagram.com\/joaquimvilalta.arquitecte\/#\",\"https:\/\/www.linkedin.com\/in\/joaquimvilalta\/\"]}]}<\/script>\n<!-- \/ Yoast SEO plugin. -->","yoast_head_json":{"title":"Av\u00eds legal - Joaquim Vilalta","robots":{"index":"index","follow":"follow","max-snippet":"max-snippet:-1","max-image-preview":"max-image-preview:large","max-video-preview":"max-video-preview:-1"},"canonical":"https:\/\/joaquimvilalta.com\/ca\/avis-legal\/","og_locale":"ca_ES","og_type":"article","og_title":"Av\u00eds legal - Joaquim Vilalta","og_description":"Av\u00eds legal Identificaci\u00f3 i Titularitat En compliment de larticle 10 de la Llei 34\/2002, de 11 de juliol, de Serveis de la Societat de la Informaci\u00f3 i Comer\u00e7 Electr\u00f2nic, el Titular exposa les seves dades identificatives. Titular: Joaquim Vilalta Mart\u00ednez NIF: 45543635R N\u00famero de col\u00b7legiaci\u00f3 al Col\u00b7legi d&#8217;Arquitectes de Catalunya: 43767-0 Domicili: Calle Montcorb, n\u00ba [&hellip;]","og_url":"https:\/\/joaquimvilalta.com\/ca\/avis-legal\/","og_site_name":"Joaquim Vilalta","article_modified_time":"2024-11-11T11:12:52+00:00","twitter_card":"summary_large_image","twitter_misc":{"Temps estimat de lectura":"6 minuts"},"schema":{"@context":"https:\/\/schema.org","@graph":[{"@type":"WebPage","@id":"https:\/\/joaquimvilalta.com\/ca\/avis-legal\/","url":"https:\/\/joaquimvilalta.com\/ca\/avis-legal\/","name":"Av\u00eds legal - Joaquim Vilalta","isPartOf":{"@id":"https:\/\/joaquimvilalta.com\/#website"},"datePublished":"2024-10-04T12:14:18+00:00","dateModified":"2024-11-11T11:12:52+00:00","breadcrumb":{"@id":"https:\/\/joaquimvilalta.com\/ca\/avis-legal\/#breadcrumb"},"inLanguage":"ca","potentialAction":[{"@type":"ReadAction","target":["https:\/\/joaquimvilalta.com\/ca\/avis-legal\/"]}]},{"@type":"BreadcrumbList","@id":"https:\/\/joaquimvilalta.com\/ca\/avis-legal\/#breadcrumb","itemListElement":[{"@type":"ListItem","position":1,"name":"Portada","item":"https:\/\/joaquimvilalta.com\/"},{"@type":"ListItem","position":2,"name":"Av\u00eds legal"}]},{"@type":"WebSite","@id":"https:\/\/joaquimvilalta.com\/#website","url":"https:\/\/joaquimvilalta.com\/","name":"Joaquim Vilalta | Arquitecte","description":"","publisher":{"@id":"https:\/\/joaquimvilalta.com\/#\/schema\/person\/a2cd81b2735b9268df3ab98d3d26721d"},"potentialAction":[{"@type":"SearchAction","target":{"@type":"EntryPoint","urlTemplate":"https:\/\/joaquimvilalta.com\/?s={search_term_string}"},"query-input":{"@type":"PropertyValueSpecification","valueRequired":true,"valueName":"search_term_string"}}],"inLanguage":"ca"},{"@type":["Person","Organization"],"@id":"https:\/\/joaquimvilalta.com\/#\/schema\/person\/a2cd81b2735b9268df3ab98d3d26721d","name":"Joaquim Vilalta","image":{"@type":"ImageObject","inLanguage":"ca","@id":"https:\/\/joaquimvilalta.com\/#\/schema\/person\/image\/","url":"https:\/\/joaquimvilalta.com\/wp-content\/uploads\/2024\/09\/logo-cliente-2.jpg","contentUrl":"https:\/\/joaquimvilalta.com\/wp-content\/uploads\/2024\/09\/logo-cliente-2.jpg","width":400,"height":400,"caption":"Joaquim Vilalta"},"logo":{"@id":"https:\/\/joaquimvilalta.com\/#\/schema\/person\/image\/"},"sameAs":["https:\/\/www.instagram.com\/joaquimvilalta.arquitecte\/#","https:\/\/www.linkedin.com\/in\/joaquimvilalta\/"]}]}},"_links":{"self":[{"href":"https:\/\/joaquimvilalta.com\/ca\/wp-json\/wp\/v2\/pages\/2012","targetHints":{"allow":["GET"]}}],"collection":[{"href":"https:\/\/joaquimvilalta.com\/ca\/wp-json\/wp\/v2\/pages"}],"about":[{"href":"https:\/\/joaquimvilalta.com\/ca\/wp-json\/wp\/v2\/types\/page"}],"author":[{"embeddable":true,"href":"https:\/\/joaquimvilalta.com\/ca\/wp-json\/wp\/v2\/users\/2"}],"replies":[{"embeddable":true,"href":"https:\/\/joaquimvilalta.com\/ca\/wp-json\/wp\/v2\/comments?post=2012"}],"version-history":[{"count":1,"href":"https:\/\/joaquimvilalta.com\/ca\/wp-json\/wp\/v2\/pages\/2012\/revisions"}],"predecessor-version":[{"id":2013,"href":"https:\/\/joaquimvilalta.com\/ca\/wp-json\/wp\/v2\/pages\/2012\/revisions\/2013"}],"wp:attachment":[{"href":"https:\/\/joaquimvilalta.com\/ca\/wp-json\/wp\/v2\/media?parent=2012"}],"curies":[{"name":"wp","href":"https:\/\/api.w.org\/{rel}","templated":true}]}}